{"id":89,"date":"2023-12-01T15:31:02","date_gmt":"2023-12-01T15:31:02","guid":{"rendered":"http:\/\/ggvd.de\/?page_id=89"},"modified":"2026-01-27T19:13:25","modified_gmt":"2026-01-27T18:13:25","slug":"informationen","status":"publish","type":"page","link":"https:\/\/ggvd.de\/?page_id=89","title":{"rendered":"Mitglied werden"},"content":{"rendered":"\n<p>Fragen rund um das Gefahrgut, Probleme bei der Umsetzung oder im schlimmsten Fall,&nbsp; Auseinandersetzung mit einer Beh\u00f6rde, dann ben\u00f6tigst du einen fachlichen Rat, der hilft, die Situation neutral zu bewerten. Das k\u00f6nnte der Beginn der Mitgliedschaft im GGVD e.V. sein.&nbsp;<\/p>\n\n\n\n<p>Werde ein Teil des GGVD e.V. und wir sind euer starker Partner an eurer Seite. Beantrage noch heute Deine Mitgliedschaft und partizipiere vom Wissen anderer.<\/p>\n\n\n\n<p>Um die Mitgliedschaft beim GGVD e.V. zu beantragen, f\u00fclle bitte den&nbsp;<strong>Mitgliedsantrag<\/strong>&nbsp;aus und schicke diesen gleich an&nbsp;&nbsp;<strong><a href=\"mailto:info@ggvd.eu\">info@ggvd.eu<\/a>&nbsp;<\/strong>&nbsp;<\/p>\n\n\n\n<p>Mit Deiner Unterschrift erkl\u00e4rst Du Dich mit der Satzung vom GGVD e.V. sowie mit der Zahlung des von der Mitgliederversammlung festgelegten Jahresbeitrags einverstanden. Daf\u00fcr erh\u00e4ltst du unbezahlbare Connections, kannst an exklusiven Seminaren teilnehmen und bekommst Vorteile bei den einschl\u00e4gigen Verlagen, die dir sonst verborgen bleiben.<\/p>\n\n\n\n<p>Worauf warten? Zur Anmeldung hier klicken<\/p>\n\n\n\n<div id=\"wp-block-themeisle-blocks-button-group-34e47797\" class=\"wp-block-themeisle-blocks-button-group wp-block-buttons\">\n<div id=\"wp-block-themeisle-blocks-button-5dd46d54\" class=\"wp-block-themeisle-blocks-button wp-block-button\"><a href=\"https:\/\/ggvd.de\/wp-content\/uploads\/2024\/06\/mg_antrag_dsgv.pdf\" target=\"_self\" rel=\"noopener noreferrer\" class=\"wp-block-button__link\"><span>Mitgliedsantrag download<\/span><\/a><\/div>\n\n\n\n<div id=\"wp-block-themeisle-blocks-button-506c34ce\" class=\"wp-block-themeisle-blocks-button wp-block-button\"><a href=\"https:\/\/m.netxp-verein.de\/N\" target=\"_self\" rel=\"noopener noreferrer\" class=\"wp-block-button__link\"><span>Mitgliedsantrag online<\/span><\/a><\/div>\n\n\n\n<div id=\"wp-block-themeisle-blocks-button-c7a96076\" class=\"wp-block-themeisle-blocks-button wp-block-button\"><a href=\"https:\/\/ggvd.de\/wp-content\/uploads\/2026\/01\/2026-01-19-GGVD-Beitragsordnung.pdf\" target=\"_self\" rel=\"noopener noreferrer\" class=\"wp-block-button__link\"><span>Beitragsordnung<\/span><\/a><\/div>\n\n\n\n<div id=\"wp-block-themeisle-blocks-button-91e0f8e2\" class=\"wp-block-themeisle-blocks-button wp-block-button\"><a href=\"https:\/\/ggvd.de\/wp-content\/uploads\/2024\/12\/satzung_2022.pdf\" target=\"_self\" rel=\"noopener noreferrer\" class=\"wp-block-button__link\"><span>Satzung<\/span><\/a><\/div>\n<\/div>\n\n\n\n<p><\/p>\n","protected":false},"excerpt":{"rendered":"<p>Fragen rund um das Gefahrgut, Probleme bei der Umsetzung oder im schlimmsten Fall,&nbsp; Auseinandersetzung mit einer Beh\u00f6rde, dann ben\u00f6tigst du einen fachlichen Rat, der hilft, die Situation neutral zu bewerten. Das k\u00f6nnte der Beginn der Mitgliedschaft im GGVD e.V. sein.&nbsp; Werde ein Teil des GGVD e.V. und wir sind euer starker Partner an eurer Seite. &hellip; <\/p>\n<p class=\"link-more\"><a href=\"https:\/\/ggvd.de\/?page_id=89\" class=\"more-link\">Mehr <span class=\"screen-reader-text\">\u00fcber &#8222;Mitglied werden&#8220; <\/span>Lesen<\/a><\/p>\n","protected":false},"author":1,"featured_media":267,"parent":0,"menu_order":0,"comment_status":"closed","ping_status":"closed","template":"","meta":{"_themeisle_gutenberg_block_has_review":false,"footnotes":""},"class_list":["post-89","page","type-page","status-publish","has-post-thumbnail","hentry"],"jetpack_sharing_enabled":true,"_links":{"self":[{"href":"https:\/\/ggvd.de\/index.php?rest_route=\/wp\/v2\/pages\/89","targetHints":{"allow":["GET"]}}],"collection":[{"href":"https:\/\/ggvd.de\/index.php?rest_route=\/wp\/v2\/pages"}],"about":[{"href":"https:\/\/ggvd.de\/index.php?rest_route=\/wp\/v2\/types\/page"}],"author":[{"embeddable":true,"href":"https:\/\/ggvd.de\/index.php?rest_route=\/wp\/v2\/users\/1"}],"replies":[{"embeddable":true,"href":"https:\/\/ggvd.de\/index.php?rest_route=%2Fwp%2Fv2%2Fcomments&post=89"}],"version-history":[{"count":16,"href":"https:\/\/ggvd.de\/index.php?rest_route=\/wp\/v2\/pages\/89\/revisions"}],"predecessor-version":[{"id":639,"href":"https:\/\/ggvd.de\/index.php?rest_route=\/wp\/v2\/pages\/89\/revisions\/639"}],"wp:featuredmedia":[{"embeddable":true,"href":"https:\/\/ggvd.de\/index.php?rest_route=\/wp\/v2\/media\/267"}],"wp:attachment":[{"href":"https:\/\/ggvd.de\/index.php?rest_route=%2Fwp%2Fv2%2Fmedia&parent=89"}],"curies":[{"name":"wp","href":"https:\/\/api.w.org\/{rel}","templated":true}]}}