{"id":86,"date":"2023-12-01T15:29:31","date_gmt":"2023-12-01T15:29:31","guid":{"rendered":"http:\/\/ggvd.de\/?page_id=86"},"modified":"2023-12-29T07:11:23","modified_gmt":"2023-12-29T06:11:23","slug":"lobbyarbeit","status":"publish","type":"page","link":"https:\/\/ggvd.de\/?page_id=86","title":{"rendered":"Lobbyarbeit"},"content":{"rendered":"\n<p>Durch die Mitgliedschaft des GGVD e.V. in der IASA kann die Fach- und Branchenkenntnis der nationalen Gefahrgutbeauftragten in die europ\u00e4ischen Entscheidungsprozesse unmittelbar eingebracht werden. Der stetige Dialog mit Politik und Verwaltung in Bonn, Berlin und Genf ist ein grundlegendes Element unserer Lobbyarbeit f\u00fcr die deutschen Gefahrgutbeauftragten. <\/p>\n\n\n\n<p>Dar\u00fcber hinaus ist der GGVD e.V. seit Beginn der\u00a0einzigen Gefahrgut-Messe in Leipzig als ideeller Partner aktiv bei der Gestaltung der Messe. Somit ist der GGVD e.V. ein wichtiges Bindeglied zwischen Gefahrgutbeauftragten, Beh\u00f6rden und Wirtschaft.<\/p>\n\n\n\n<p><strong>Informationen&nbsp;\u2013 aktuell und rechtssicher<\/strong><\/p>\n\n\n\n<p>Wir halten Sie auf dem Laufenden und informieren Sie u. a. in regelm\u00e4\u00dfigen Rundschreiben \u00fcber aktuelle Gefahrgutthemen, Gesetzesinitiativen und unmittelbar Ihre T\u00e4tigkeiten ber\u00fchrende Regelungen.<\/p>\n","protected":false},"excerpt":{"rendered":"<p>Durch die Mitgliedschaft des GGVD e.V. in der IASA kann die Fach- und Branchenkenntnis der nationalen Gefahrgutbeauftragten in die europ\u00e4ischen Entscheidungsprozesse unmittelbar eingebracht werden. Der stetige Dialog mit Politik und Verwaltung in Bonn, Berlin und Genf ist ein grundlegendes Element unserer Lobbyarbeit f\u00fcr die deutschen Gefahrgutbeauftragten. Dar\u00fcber hinaus ist der GGVD e.V. seit Beginn der\u00a0einzigen &hellip; <\/p>\n<p class=\"link-more\"><a href=\"https:\/\/ggvd.de\/?page_id=86\" class=\"more-link\">Mehr <span class=\"screen-reader-text\">\u00fcber &#8222;Lobbyarbeit&#8220; <\/span>Lesen<\/a><\/p>\n","protected":false},"author":1,"featured_media":262,"parent":0,"menu_order":0,"comment_status":"closed","ping_status":"closed","template":"","meta":{"_themeisle_gutenberg_block_has_review":false,"footnotes":""},"class_list":["post-86","page","type-page","status-publish","has-post-thumbnail","hentry"],"jetpack_sharing_enabled":true,"_links":{"self":[{"href":"https:\/\/ggvd.de\/index.php?rest_route=\/wp\/v2\/pages\/86","targetHints":{"allow":["GET"]}}],"collection":[{"href":"https:\/\/ggvd.de\/index.php?rest_route=\/wp\/v2\/pages"}],"about":[{"href":"https:\/\/ggvd.de\/index.php?rest_route=\/wp\/v2\/types\/page"}],"author":[{"embeddable":true,"href":"https:\/\/ggvd.de\/index.php?rest_route=\/wp\/v2\/users\/1"}],"replies":[{"embeddable":true,"href":"https:\/\/ggvd.de\/index.php?rest_route=%2Fwp%2Fv2%2Fcomments&post=86"}],"version-history":[{"count":3,"href":"https:\/\/ggvd.de\/index.php?rest_route=\/wp\/v2\/pages\/86\/revisions"}],"predecessor-version":[{"id":305,"href":"https:\/\/ggvd.de\/index.php?rest_route=\/wp\/v2\/pages\/86\/revisions\/305"}],"wp:featuredmedia":[{"embeddable":true,"href":"https:\/\/ggvd.de\/index.php?rest_route=\/wp\/v2\/media\/262"}],"wp:attachment":[{"href":"https:\/\/ggvd.de\/index.php?rest_route=%2Fwp%2Fv2%2Fmedia&parent=86"}],"curies":[{"name":"wp","href":"https:\/\/api.w.org\/{rel}","templated":true}]}}