{"id":80,"date":"2023-12-01T15:24:31","date_gmt":"2023-12-01T15:24:31","guid":{"rendered":"http:\/\/ggvd.de\/?page_id=80"},"modified":"2026-02-03T15:35:38","modified_gmt":"2026-02-03T14:35:38","slug":"vorstand-2","status":"publish","type":"page","link":"https:\/\/ggvd.de\/?page_id=80","title":{"rendered":"Vorstand"},"content":{"rendered":"\n<div class=\"wp-block-media-text is-stacked-on-mobile\" style=\"grid-template-columns:20% auto\"><figure class=\"wp-block-media-text__media\"><img loading=\"lazy\" decoding=\"async\" width=\"329\" height=\"329\" src=\"https:\/\/ggvd.de\/wp-content\/uploads\/2023\/12\/thorsten_steffen.jpg\" alt=\"\" class=\"wp-image-246 size-full\" srcset=\"https:\/\/ggvd.de\/wp-content\/uploads\/2023\/12\/thorsten_steffen.jpg 329w, https:\/\/ggvd.de\/wp-content\/uploads\/2023\/12\/thorsten_steffen-300x300.jpg 300w, https:\/\/ggvd.de\/wp-content\/uploads\/2023\/12\/thorsten_steffen-150x150.jpg 150w\" sizes=\"auto, (max-width: 329px) 100vw, 329px\" \/><\/figure><div class=\"wp-block-media-text__content\">\n<p><strong>Pr\u00e4sident<\/strong><br><strong>Name:<\/strong> Thorsten Steffen\u2028<br><strong>Berufsstand: <\/strong>selbst\u00e4ndig<br><strong>Fachbereich: <\/strong>Gefahrgut, Gefahrstoffe, Sprengstoffgesetz,\u2028 Verkehrstr\u00e4ger : Stra\u00dfe, Schiene, Binnenschiff und Seeschiff\u2028<br><strong>Qualifikationen:<\/strong> ext. Gefahrgutbeauftragter, Fachkunde nach Gefahrstoffverordnung, DIN ISO 17024 BDSF zertifizierter Sachverst\u00e4ndiger f\u00fcr Explosivstoff, Pyrotechnik und Lagerung, Transport, Ausbilder und Pr\u00fcfer SprengG<\/p>\n<\/div><\/div>\n\n\n\n<hr class=\"wp-block-separator alignwide has-alpha-channel-opacity is-style-wide\"\/>\n\n\n\n<div class=\"wp-block-media-text is-stacked-on-mobile\" style=\"grid-template-columns:20% auto\"><figure class=\"wp-block-media-text__media\"><img loading=\"lazy\" decoding=\"async\" width=\"329\" height=\"329\" src=\"https:\/\/ggvd.de\/wp-content\/uploads\/2023\/12\/sabine_lindner.jpg\" alt=\"\" class=\"wp-image-227 size-full\" srcset=\"https:\/\/ggvd.de\/wp-content\/uploads\/2023\/12\/sabine_lindner.jpg 329w, https:\/\/ggvd.de\/wp-content\/uploads\/2023\/12\/sabine_lindner-300x300.jpg 300w, https:\/\/ggvd.de\/wp-content\/uploads\/2023\/12\/sabine_lindner-150x150.jpg 150w\" sizes=\"auto, (max-width: 329px) 100vw, 329px\" \/><\/figure><div class=\"wp-block-media-text__content\">\n<p><strong>Vizepr\u00e4sidentin<\/strong><br><strong>Name:<\/strong> Sabine Lindner<br><strong>Berufsstand:<\/strong> selbst\u00e4ndig, Schulungsveranstalter f\u00fcr ADR-Ausbildung aller Gefahrgutklassen und BKrFQG<br><strong>Fachbereich:<\/strong> Gefahrgut, Berufskraftfahrerqualifikationsgesetz\u2028<br><strong>Verkehrstr\u00e4ger:<\/strong> Verkehrstr\u00e4ger Stra\u00dfe, Schiene, Binnenschiff und Seeschiff\u2028<br><strong>Qualifikationen:<\/strong> ext. Gefahrgutbeauftragter, Ausbilderin Gefahrgutfahrer, Berater Ladungssicherung, Trainer BKfQG<\/p>\n<\/div><\/div>\n\n\n\n<hr class=\"wp-block-separator has-alpha-channel-opacity is-style-wide\"\/>\n\n\n\n<div class=\"wp-block-media-text is-stacked-on-mobile\" style=\"grid-template-columns:20% auto\"><figure class=\"wp-block-media-text__media\"><img loading=\"lazy\" decoding=\"async\" width=\"329\" height=\"329\" src=\"https:\/\/ggvd.de\/wp-content\/uploads\/2025\/04\/harald_bauer.jpg\" alt=\"\" class=\"wp-image-577 size-full\" srcset=\"https:\/\/ggvd.de\/wp-content\/uploads\/2025\/04\/harald_bauer.jpg 329w, https:\/\/ggvd.de\/wp-content\/uploads\/2025\/04\/harald_bauer-300x300.jpg 300w, https:\/\/ggvd.de\/wp-content\/uploads\/2025\/04\/harald_bauer-150x150.jpg 150w\" sizes=\"auto, (max-width: 329px) 100vw, 329px\" \/><\/figure><div class=\"wp-block-media-text__content\">\n<p><strong>Schatzmeister<\/strong> <br><strong>Name:<\/strong> Harald Bauer<br><strong>Berufsstand: <\/strong>Berufssoldat, nebenberuflich selbstst\u00e4ndig als Gefahrgutbeauftragter, Schulungsanbieter f\u00fcr Flurf\u00f6rderzeuge, Hubarbeitsb\u00fchnen und Krane<strong><br>Fachbereich: <\/strong>Gefahrgut, Flurf\u00f6rderzeuge, Hubarbeitsb\u00fchne Krane<strong><br>Verkehrstr\u00e4ger: <\/strong>Stra\u00dfe, Luft<strong><br>Qualifikationen:<\/strong> Gefahrgutbeauftragter&nbsp;Verkehrstr\u00e4ger Stra\u00dfe, IATA CBTA A, B u. F, Ausbilder f\u00fcr Flurf\u00f6rderzeuge, Hubarbeitsb\u00fchnen, Krane, Sachkunde PSAgA, Sachkunde Anschlagmittel<\/p>\n<\/div><\/div>\n\n\n\n<hr class=\"wp-block-separator has-alpha-channel-opacity is-style-wide\"\/>\n\n\n\n<div class=\"wp-block-media-text is-stacked-on-mobile\" style=\"grid-template-columns:20% auto\"><figure class=\"wp-block-media-text__media\"><img loading=\"lazy\" decoding=\"async\" width=\"329\" height=\"329\" src=\"https:\/\/ggvd.de\/wp-content\/uploads\/2023\/12\/ralf_hiltmann.jpg\" alt=\"\" class=\"wp-image-238 size-full\" srcset=\"https:\/\/ggvd.de\/wp-content\/uploads\/2023\/12\/ralf_hiltmann.jpg 329w, https:\/\/ggvd.de\/wp-content\/uploads\/2023\/12\/ralf_hiltmann-300x300.jpg 300w, https:\/\/ggvd.de\/wp-content\/uploads\/2023\/12\/ralf_hiltmann-150x150.jpg 150w\" sizes=\"auto, (max-width: 329px) 100vw, 329px\" \/><\/figure><div class=\"wp-block-media-text__content\">\n<p><strong>Beisitzer<\/strong><br><strong>Name:<\/strong> Ralf Hiltmann\u2028<br><strong>Berufsstand:<\/strong> selbst\u00e4ndig<br><strong>Fachbereich:<\/strong> Gefahrgut, Gefahrstoffe, Abfall\u2028<br><strong>Verkehrstr\u00e4ger:<\/strong> Verkehrstr\u00e4ger Stra\u00dfe, Schiene, Binnenschiff und Seeschiff\u2028<br><strong>Qualifikationen:<\/strong> ext. Gefahrgutbeauftragter, Fachkunde nach Gefahrstoffverordnung, Berater Ladungssicherung Ausbildung Entsorgungsfachbetriebe und Abfallbeauftragte<\/p>\n<\/div><\/div>\n\n\n\n<hr class=\"wp-block-separator has-alpha-channel-opacity is-style-wide\"\/>\n\n\n\n<div class=\"wp-block-media-text is-stacked-on-mobile\" style=\"grid-template-columns:20% auto\"><figure class=\"wp-block-media-text__media\"><img loading=\"lazy\" decoding=\"async\" width=\"329\" height=\"329\" src=\"https:\/\/ggvd.de\/wp-content\/uploads\/2023\/12\/platzhalter_mann.png\" alt=\"\" class=\"wp-image-151 size-full\" srcset=\"https:\/\/ggvd.de\/wp-content\/uploads\/2023\/12\/platzhalter_mann.png 329w, https:\/\/ggvd.de\/wp-content\/uploads\/2023\/12\/platzhalter_mann-300x300.png 300w, https:\/\/ggvd.de\/wp-content\/uploads\/2023\/12\/platzhalter_mann-150x150.png 150w\" sizes=\"auto, (max-width: 329px) 100vw, 329px\" \/><\/figure><div class=\"wp-block-media-text__content\">\n<p><strong>Beisitzer<\/strong><br><strong>Name:<\/strong>  <br><strong>Berufsstand:<\/strong>  <br><strong>Fachbereich:<\/strong>  <br><strong>Verkehrstr\u00e4ger:<\/strong>  <br><strong>Qualifikationen:<\/strong>  <\/p>\n<\/div><\/div>\n\n\n\n<hr class=\"wp-block-separator has-alpha-channel-opacity is-style-wide\"\/>\n\n\n\n<div class=\"wp-block-media-text is-stacked-on-mobile\" style=\"grid-template-columns:20% auto\"><figure class=\"wp-block-media-text__media\"><img loading=\"lazy\" decoding=\"async\" width=\"329\" height=\"329\" src=\"https:\/\/ggvd.de\/wp-content\/uploads\/2023\/12\/hubert_glock.jpg\" alt=\"\" class=\"wp-image-228 size-full\" srcset=\"https:\/\/ggvd.de\/wp-content\/uploads\/2023\/12\/hubert_glock.jpg 329w, https:\/\/ggvd.de\/wp-content\/uploads\/2023\/12\/hubert_glock-300x300.jpg 300w, https:\/\/ggvd.de\/wp-content\/uploads\/2023\/12\/hubert_glock-150x150.jpg 150w\" sizes=\"auto, (max-width: 329px) 100vw, 329px\" \/><\/figure><div class=\"wp-block-media-text__content\">\n<p><strong>Ehrenpr\u00e4sident<\/strong><br><strong>Name: <\/strong>Hans Hubert Glock<br><strong>Berufsstand: <\/strong>Pension\u00e4r (ehemaliger Dienststellenleiter der Polizei NRW), GB<br><strong>Fachbereich:<\/strong> Verkehrsdienste und Leitstelle<br><strong>Verkehrstr\u00e4ger:<\/strong> Stra\u00dfe, Schiene, Seeverkehr<br><strong>Qualifikationen: <\/strong>GB-Pr\u00fcfungen, Ausbilderpr\u00fcfungen Polizei, Studium Vereinsmanagement, Stahlenschutzbeauftragter<\/p>\n\n\n\n<p><\/p>\n<\/div><\/div>\n\n\n\n<hr class=\"wp-block-separator has-alpha-channel-opacity is-style-wide\"\/>\n\n\n\n<div class=\"wp-block-media-text is-stacked-on-mobile\" style=\"grid-template-columns:20% auto\"><figure class=\"wp-block-media-text__media\"><img loading=\"lazy\" decoding=\"async\" width=\"329\" height=\"329\" src=\"https:\/\/ggvd.de\/wp-content\/uploads\/2024\/01\/hans_juergen_hahn.jpg\" alt=\"\" class=\"wp-image-329 size-full\" srcset=\"https:\/\/ggvd.de\/wp-content\/uploads\/2024\/01\/hans_juergen_hahn.jpg 329w, https:\/\/ggvd.de\/wp-content\/uploads\/2024\/01\/hans_juergen_hahn-300x300.jpg 300w, https:\/\/ggvd.de\/wp-content\/uploads\/2024\/01\/hans_juergen_hahn-150x150.jpg 150w\" sizes=\"auto, (max-width: 329px) 100vw, 329px\" \/><\/figure><div class=\"wp-block-media-text__content\">\n<p><strong>Ehrenvorstandsmitglied<\/strong><br><strong>Name: <\/strong>Hans J\u00fcrgen Hahn<br><\/p>\n\n\n\n<p><\/p>\n<\/div><\/div>\n\n\n\n<p><\/p>\n\n\n\n<p><\/p>\n\n\n\n<p><\/p>\n","protected":false},"excerpt":{"rendered":"<p>Pr\u00e4sidentName: Thorsten Steffen\u2028Berufsstand: selbst\u00e4ndigFachbereich: Gefahrgut, Gefahrstoffe, Sprengstoffgesetz,\u2028 Verkehrstr\u00e4ger : Stra\u00dfe, Schiene, Binnenschiff und Seeschiff\u2028Qualifikationen: ext. Gefahrgutbeauftragter, Fachkunde nach Gefahrstoffverordnung, DIN ISO 17024 BDSF zertifizierter Sachverst\u00e4ndiger f\u00fcr Explosivstoff, Pyrotechnik und Lagerung, Transport, Ausbilder und Pr\u00fcfer SprengG Vizepr\u00e4sidentinName: Sabine LindnerBerufsstand: selbst\u00e4ndig, Schulungsveranstalter f\u00fcr ADR-Ausbildung aller Gefahrgutklassen und BKrFQGFachbereich: Gefahrgut, Berufskraftfahrerqualifikationsgesetz\u2028Verkehrstr\u00e4ger: Verkehrstr\u00e4ger Stra\u00dfe, Schiene, Binnenschiff und Seeschiff\u2028Qualifikationen: ext. &hellip; <\/p>\n<p class=\"link-more\"><a href=\"https:\/\/ggvd.de\/?page_id=80\" class=\"more-link\">Mehr <span class=\"screen-reader-text\">\u00fcber &#8222;Vorstand&#8220; <\/span>Lesen<\/a><\/p>\n","protected":false},"author":1,"featured_media":267,"parent":0,"menu_order":0,"comment_status":"closed","ping_status":"closed","template":"","meta":{"_themeisle_gutenberg_block_has_review":false,"footnotes":""},"class_list":["post-80","page","type-page","status-publish","has-post-thumbnail","hentry"],"jetpack_sharing_enabled":true,"_links":{"self":[{"href":"https:\/\/ggvd.de\/index.php?rest_route=\/wp\/v2\/pages\/80","targetHints":{"allow":["GET"]}}],"collection":[{"href":"https:\/\/ggvd.de\/index.php?rest_route=\/wp\/v2\/pages"}],"about":[{"href":"https:\/\/ggvd.de\/index.php?rest_route=\/wp\/v2\/types\/page"}],"author":[{"embeddable":true,"href":"https:\/\/ggvd.de\/index.php?rest_route=\/wp\/v2\/users\/1"}],"replies":[{"embeddable":true,"href":"https:\/\/ggvd.de\/index.php?rest_route=%2Fwp%2Fv2%2Fcomments&post=80"}],"version-history":[{"count":50,"href":"https:\/\/ggvd.de\/index.php?rest_route=\/wp\/v2\/pages\/80\/revisions"}],"predecessor-version":[{"id":643,"href":"https:\/\/ggvd.de\/index.php?rest_route=\/wp\/v2\/pages\/80\/revisions\/643"}],"wp:featuredmedia":[{"embeddable":true,"href":"https:\/\/ggvd.de\/index.php?rest_route=\/wp\/v2\/media\/267"}],"wp:attachment":[{"href":"https:\/\/ggvd.de\/index.php?rest_route=%2Fwp%2Fv2%2Fmedia&parent=80"}],"curies":[{"name":"wp","href":"https:\/\/api.w.org\/{rel}","templated":true}]}}