{"id":55,"date":"2023-12-01T15:20:49","date_gmt":"2023-12-01T15:20:49","guid":{"rendered":"http:\/\/ggvd.de\/?page_id=55"},"modified":"2026-04-15T18:51:30","modified_gmt":"2026-04-15T16:51:30","slug":"aus-und-weiterbildung","status":"publish","type":"page","link":"https:\/\/ggvd.de\/?page_id=55","title":{"rendered":"Aus- und Weiterbildung"},"content":{"rendered":"\n<p>Qualifiziertes und kompetente Handeln sind die notwendige Voraussetzung f\u00fcr den erfolgreichen Gefahrgutbeauftragten. Wer sich weiterbildet, kann sich auf Augenh\u00f6he mit der Konkurrenz bewegen. Daher bieten wir regelm\u00e4\u00dfig eine breite Themenvielfalt f\u00fcr Schulungen, Seminare und Workshops f\u00fcr Mitglieder zur Fort- und Weiterbildung an. Als Mitglied erhalten Sie fast das gesamte Kursangebot kostenlos oder bei Selbstbeteiligung zum Vorzugspreis!<\/p>\n\n\n\n<p>Au\u00dferdem haben wir eine Informationsverteilung \u00fcber den GGVD-Spezialtalk. Informationsveranstaltung mit offenen Themen als eine Frage-und Antwortstunde von und f\u00fcr Mitglieder. Jeweils am letzten Mittwoch im zweiten Monat eines Quartals.<\/p>\n\n\n\n<p><strong>Hier einige Beispiele unserer Weiterbildungen f\u00fcr den Erwerb von Sachkunde:<\/strong><\/p>\n\n\n\n<p>ADR Erneuerungen<\/p>\n\n\n\n<p>Fortbildung im Bereich Gefahrgut und Gefahrgutbeauftragte aller Verkehrstr\u00e4ger<\/p>\n\n\n\n<p>Transport von Lithium-Batterien <\/p>\n\n\n\n<p>Ladungssicherung Grund- und Auffrischungskurs nach VDI 2700<\/p>\n\n\n\n<p>Klasse 1 explosive Stoffe Seminar mit Praxisteil und Verbringerschulung<\/p>\n\n\n\n<p>Einf\u00fchrung in der Klasse 7 radioaktive Stoffe<\/p>\n\n\n\n<p>Gefahrstoffe und Gefahrstofflagerung<\/p>\n\n\n\n<p>Betriebsbeauftragter f\u00fcr Abfall\/Entsorgungsfachbetrieb<\/p>\n\n\n\n<p>BKF Trainer Weiterbildung<\/p>\n\n\n\n<p><strong>Z\u00f6gern Sie nicht und sprechen Sie uns an!<\/strong><\/p>\n\n\n\n<p><strong>Anstehende Schulungs-\/Weiterbildungstermine f\u00fcr Mitglieder: <\/strong><\/p>\n\n\n\n<pre class=\"wp-block-verse\"><strong>2026<\/strong><br>Gefahrgut Talk ( nur online von 09:00 bis 10:00 Uhr): <br>27.05.2026: Abfall als Gefahrgut - Gefahrgut als Abfall.<br>26.08.2026: Thema folgt<br>25.11.2026: offene Fragerunde - Sie k\u00f6nne alles fragen.<br><br>Gb Weiterbildungen:<br>15.\/16.06.2026: Veranstaltungsort Oestrich-Winkel<br>29.09.2026:      Gb Weiterbildung - Online durch Frau Lindner<br><br>Lithium-Batterien-Seminar<br>16.07.2026: Online mit J\u00fcrgen Werny<br><br>ADR 2027:<br>14.10.2026: \u00c4nderungen ADR 2027 mit J\u00f6rg Holzh\u00e4user<br>11.11.2026: \u00c4nderungen ADR 2027 mit J\u00f6rg Holzh\u00e4user<br><br>Sonderlehrgang Verbringen und Aufbewahren SprengG<br>04.09.2026: Basiskurs und Wiederholerlehrgang - Veranstaltungsort Reken<br><br>SprengG Wiederholerlehrgang<br>30.05.2026: Veranstaltungsort Reken<br>05.09.2026: Veranstaltungsort Reken<br>07.11.2026:   Veranstaltungsort Reken<\/pre>\n\n\n\n<p><br>Weitere Infos finden Sie im <a href=\"https:\/\/m.netxp-verein.de\/Login\/18082\" data-type=\"link\" data-id=\"https:\/\/m.netxp-verein.de\/Login\/18082\">internen Bereich<\/a>. Anmeldung bitte per E-Mail an: <strong><a href=\"mailto:Anmeldung@ggvd.eu\">Anmeldung@ggvd.eu<\/a><\/strong><\/p>\n\n\n\n<p><\/p>\n","protected":false},"excerpt":{"rendered":"<p>Qualifiziertes und kompetente Handeln sind die notwendige Voraussetzung f\u00fcr den erfolgreichen Gefahrgutbeauftragten. Wer sich weiterbildet, kann sich auf Augenh\u00f6he mit der Konkurrenz bewegen. Daher bieten wir regelm\u00e4\u00dfig eine breite Themenvielfalt f\u00fcr Schulungen, Seminare und Workshops f\u00fcr Mitglieder zur Fort- und Weiterbildung an. Als Mitglied erhalten Sie fast das gesamte Kursangebot kostenlos oder bei Selbstbeteiligung zum &hellip; <\/p>\n<p class=\"link-more\"><a href=\"https:\/\/ggvd.de\/?page_id=55\" class=\"more-link\">Mehr <span class=\"screen-reader-text\">\u00fcber &#8222;Aus- und Weiterbildung&#8220; <\/span>Lesen<\/a><\/p>\n","protected":false},"author":2,"featured_media":266,"parent":0,"menu_order":0,"comment_status":"closed","ping_status":"closed","template":"","meta":{"_themeisle_gutenberg_block_has_review":false,"footnotes":""},"class_list":["post-55","page","type-page","status-publish","has-post-thumbnail","hentry"],"jetpack_sharing_enabled":true,"_links":{"self":[{"href":"https:\/\/ggvd.de\/index.php?rest_route=\/wp\/v2\/pages\/55","targetHints":{"allow":["GET"]}}],"collection":[{"href":"https:\/\/ggvd.de\/index.php?rest_route=\/wp\/v2\/pages"}],"about":[{"href":"https:\/\/ggvd.de\/index.php?rest_route=\/wp\/v2\/types\/page"}],"author":[{"embeddable":true,"href":"https:\/\/ggvd.de\/index.php?rest_route=\/wp\/v2\/users\/2"}],"replies":[{"embeddable":true,"href":"https:\/\/ggvd.de\/index.php?rest_route=%2Fwp%2Fv2%2Fcomments&post=55"}],"version-history":[{"count":25,"href":"https:\/\/ggvd.de\/index.php?rest_route=\/wp\/v2\/pages\/55\/revisions"}],"predecessor-version":[{"id":661,"href":"https:\/\/ggvd.de\/index.php?rest_route=\/wp\/v2\/pages\/55\/revisions\/661"}],"wp:featuredmedia":[{"embeddable":true,"href":"https:\/\/ggvd.de\/index.php?rest_route=\/wp\/v2\/media\/266"}],"wp:attachment":[{"href":"https:\/\/ggvd.de\/index.php?rest_route=%2Fwp%2Fv2%2Fmedia&parent=55"}],"curies":[{"name":"wp","href":"https:\/\/api.w.org\/{rel}","templated":true}]}}