{"id":2,"date":"2023-04-11T09:14:51","date_gmt":"2023-04-11T09:14:51","guid":{"rendered":"http:\/\/ggvd.de\/?page_id=2"},"modified":"2023-12-30T09:44:47","modified_gmt":"2023-12-30T08:44:47","slug":"sample-page","status":"publish","type":"page","link":"https:\/\/ggvd.de\/?page_id=2","title":{"rendered":"Aufgaben"},"content":{"rendered":"\n<p><strong>Die Aufgaben und Leistungen des GGVD e.V. haben die Mitglieder in der Verbandssatzung definiert. Der Verband verfolgt den Zweck:<\/strong><\/p>\n\n\n\n<p>Der GGVD e.V. verfolgt ausschlie\u00dflich und unmittelbar gemeinn\u00fctzige Zwecke im Sinne des Abschnitts \u201esteuerbeg\u00fcnstigte Zwecke&#8220; der Abgabenordnung. Sein Zweck ist die F\u00f6rderung von Wissenschaft und Forschung, der Bildung sowie des Technologietransfers zwischen wissenschaftlichen Einrichtungen und Industrie, der Chemischen Industrie, Chemie-Handel, der verladenden Wirtschaft, Spedition, Transportwirtschaft, Versicherer, Beh\u00f6rden, Sicherheitskr\u00e4fte, Juristen, Institutionen, Verb\u00e4nde und Organisationen, Verpackungshersteller und Verpacker, Sachverst\u00e4ndige und Gefahrgutbeauftragte.<br><br><strong>Der Satzungszweck wird verwirklicht insbesondere durch<\/strong><\/p>\n\n\n\n<ul class=\"wp-block-list\">\n<li>Anregung, Vergabe und Durchf\u00fchrung von Forschungen und Entwicklungen sowie anderen wissenschaftlichen Studien, besonders zur F\u00f6rderung des Technologie-Transfers zur sicheren Bef\u00f6rderung gef\u00e4hrlicher G\u00fcter und des Umweltschutzes<\/li>\n\n\n\n<li>F\u00f6rderung und Ausf\u00fchrung spezieller \u00f6kologischer, sicherheits-, sozial-, arbeits- und rechtswissenschaftlicher Untersuchungen<\/li>\n\n\n\n<li>F\u00f6rderung von Studium, Aus- und Weiterbildung, Einarbeitung von Standpunkten, Mitwirkung an der Ausarbeitung von technischen und anderen Regelwerken, Richtlinien und Empfehlungen, Einbringen von Vorschl\u00e4gen f\u00fcr gesetzliche Regelungen und Normen<\/li>\n\n\n\n<li>Vorbereitung und Durchf\u00fchrung von Veranstaltungen, Erfahrungsaustauschen und Fachberatungen, Ausstellungen und Exkursionen<\/li>\n\n\n\n<li>Pflege der nationalen und internationalen Zusammenarbeit<\/li>\n\n\n\n<li>\u00d6ffentlichkeitsarbeit sowie Anbieten von Informationen<\/li>\n\n\n\n<li>F\u00f6rderung des Erfahrungsaustausches zwischen den im Gefahrgutbereich t\u00e4tigen Personen und die Interessenvertretung der Mitglieder im Gefahrgutbereich<\/li>\n\n\n\n<li>Der GGVD e.V. h\u00e4lt Kontakte zu Verb\u00e4nden mit gleicher Zielsetzung weltweit<\/li>\n<\/ul>\n\n\n\n<p>Der Verband ist selbstlos t\u00e4tig, er verfolgt nicht in erster Linie eigenwirtschaftliche Zweck\u0435. Mittel des Verbands d\u00fcrfen nur f\u00fcr satzungsgem\u00e4\u00dfe Zwecke verwendet werden. Die Mitglieder erhalten keine Zuwendungen aus Mitteln des Verbands. Es darf keine Person durch Ausgaben, die dem Zweck des Verbands fremd sind, oder durch unverh\u00e4ltnism\u00e4\u00dfig hohe Verg\u00fctungen beg\u00fcnstigt werden. Der Verband ist Mitglied in verschiedenen nationalen und internationalen Verb\u00e4nden. \u00dcber weitere Mitgliedschaften in Organisationen und Gesellschaften entscheidet der gesch\u00e4ftsf\u00fchrende Vorstand.<\/p>\n","protected":false},"excerpt":{"rendered":"<p>Die Aufgaben und Leistungen des GGVD e.V. haben die Mitglieder in der Verbandssatzung definiert. Der Verband verfolgt den Zweck: Der GGVD e.V. verfolgt ausschlie\u00dflich und unmittelbar gemeinn\u00fctzige Zwecke im Sinne des Abschnitts \u201esteuerbeg\u00fcnstigte Zwecke&#8220; der Abgabenordnung. Sein Zweck ist die F\u00f6rderung von Wissenschaft und Forschung, der Bildung sowie des Technologietransfers zwischen wissenschaftlichen Einrichtungen und Industrie, &hellip; <\/p>\n<p class=\"link-more\"><a href=\"https:\/\/ggvd.de\/?page_id=2\" class=\"more-link\">Mehr <span class=\"screen-reader-text\">\u00fcber &#8222;Aufgaben&#8220; <\/span>Lesen<\/a><\/p>\n","protected":false},"author":1,"featured_media":264,"parent":0,"menu_order":0,"comment_status":"closed","ping_status":"open","template":"","meta":{"_themeisle_gutenberg_block_has_review":false,"footnotes":""},"class_list":["post-2","page","type-page","status-publish","has-post-thumbnail","hentry"],"jetpack_sharing_enabled":true,"_links":{"self":[{"href":"https:\/\/ggvd.de\/index.php?rest_route=\/wp\/v2\/pages\/2","targetHints":{"allow":["GET"]}}],"collection":[{"href":"https:\/\/ggvd.de\/index.php?rest_route=\/wp\/v2\/pages"}],"about":[{"href":"https:\/\/ggvd.de\/index.php?rest_route=\/wp\/v2\/types\/page"}],"author":[{"embeddable":true,"href":"https:\/\/ggvd.de\/index.php?rest_route=\/wp\/v2\/users\/1"}],"replies":[{"embeddable":true,"href":"https:\/\/ggvd.de\/index.php?rest_route=%2Fwp%2Fv2%2Fcomments&post=2"}],"version-history":[{"count":16,"href":"https:\/\/ggvd.de\/index.php?rest_route=\/wp\/v2\/pages\/2\/revisions"}],"predecessor-version":[{"id":313,"href":"https:\/\/ggvd.de\/index.php?rest_route=\/wp\/v2\/pages\/2\/revisions\/313"}],"wp:featuredmedia":[{"embeddable":true,"href":"https:\/\/ggvd.de\/index.php?rest_route=\/wp\/v2\/media\/264"}],"wp:attachment":[{"href":"https:\/\/ggvd.de\/index.php?rest_route=%2Fwp%2Fv2%2Fmedia&parent=2"}],"curies":[{"name":"wp","href":"https:\/\/api.w.org\/{rel}","templated":true}]}}