{"id":101,"date":"2023-12-01T15:37:30","date_gmt":"2023-12-01T15:37:30","guid":{"rendered":"http:\/\/ggvd.de\/?page_id=101"},"modified":"2023-12-29T07:12:36","modified_gmt":"2023-12-29T06:12:36","slug":"service","status":"publish","type":"page","link":"https:\/\/ggvd.de\/?page_id=101","title":{"rendered":"Service"},"content":{"rendered":"\n<p>Suchen Sie einen Gefahrgutbeauftragten in einer bestimmten Region f\u00fcr ein Unternehmen oder ben\u00f6tigen Sie schnell eine Schulung nach ADR, bietet der GGVD e.V. die M\u00f6glichkeit innerhalb des Verbandes eine Vermittlung an unsere Mitglieder und deren Unternehmen.<\/p>\n\n\n\n<p><\/p>\n\n\n\n<div id=\"wp-block-themeisle-blocks-form-a681533b\" class=\"wp-block-themeisle-blocks-form\" data-option-name=\"bf9b28ff82ce323187abc5d0feb0d8f07ecd8436_a681533b\"><form class=\"otter-form__container\">\n<div id=\"wp-block-themeisle-blocks-form-input-ad61e55f\" class=\"wp-block-themeisle-blocks-form-input\"><label for=\"wp-block-themeisle-blocks-form-input-ad61e55f-input\" class=\"otter-form-input-label\"><span class=\"otter-form-input-label__label\">Name<\/span><span class=\"required\">*<\/span><\/label><input type=\"text\" id=\"wp-block-themeisle-blocks-form-input-ad61e55f-input\" required class=\"otter-form-input\"\/><\/div>\n\n\n\n<div id=\"wp-block-themeisle-blocks-form-input-0eedf8b0\" class=\"wp-block-themeisle-blocks-form-input\"><label for=\"wp-block-themeisle-blocks-form-input-0eedf8b0-input\" class=\"otter-form-input-label\"><span class=\"otter-form-input-label__label\">E-Mail<\/span><span class=\"required\">*<\/span><\/label><input type=\"email\" id=\"wp-block-themeisle-blocks-form-input-0eedf8b0-input\" required class=\"otter-form-input\"\/><\/div>\n\n\n<div class=\"protection\" aria-hidden=\"true\"><input type=\"hidden\" id=\"wp-block-themeisle-blocks-form-a681533b_nonce_field\" name=\"wp-block-themeisle-blocks-form-a681533b_nonce_field\" value=\"da1afe854a\" \/><input type=\"hidden\" name=\"_wp_http_referer\" value=\"\/index.php?rest_route=%2Fwp%2Fv2%2Fpages%2F101\" \/><input class=\"o-anti-bot\" type=\"checkbox\"><\/div>\n\n\n<div id=\"wp-block-themeisle-blocks-form-textarea-b48a1b5b\" class=\"wp-block-themeisle-blocks-form-textarea\"><label for=\"wp-block-themeisle-blocks-form-textarea-b48a1b5b-input\" class=\"otter-form-textarea-label\"><span class=\"otter-form-textarea-label__label\">Nachricht<\/span><\/label><textarea id=\"wp-block-themeisle-blocks-form-textarea-b48a1b5b-input\" rows=\"10\" class=\"otter-form-textarea-input\"><\/textarea><\/div>\n\n\n\n<p class=\"has-extra-small-font-size\">Mit dem Abschicken des Formulars sind Sie damit einverstanden, dass SIe von uns per E-Mail Antwort erhalten und dass Ihre Kontaktdaten bei uns gespeichert werden. Informationen finden SIe auch in unseren Datenschutzbestimmungen.<\/p>\n<div class=\"wp-block-button\"><button class=\"wp-block-button__link\" type=\"submit\">Submit<\/button><\/div><\/form><\/div>\n","protected":false},"excerpt":{"rendered":"<p>Suchen Sie einen Gefahrgutbeauftragten in einer bestimmten Region f\u00fcr ein Unternehmen oder ben\u00f6tigen Sie schnell eine Schulung nach ADR, bietet der GGVD e.V. die M\u00f6glichkeit innerhalb des Verbandes eine Vermittlung an unsere Mitglieder und deren Unternehmen.<\/p>\n","protected":false},"author":1,"featured_media":261,"parent":0,"menu_order":0,"comment_status":"closed","ping_status":"closed","template":"","meta":{"_themeisle_gutenberg_block_has_review":false,"footnotes":""},"class_list":["post-101","page","type-page","status-publish","has-post-thumbnail","hentry"],"jetpack_sharing_enabled":true,"_links":{"self":[{"href":"https:\/\/ggvd.de\/index.php?rest_route=\/wp\/v2\/pages\/101","targetHints":{"allow":["GET"]}}],"collection":[{"href":"https:\/\/ggvd.de\/index.php?rest_route=\/wp\/v2\/pages"}],"about":[{"href":"https:\/\/ggvd.de\/index.php?rest_route=\/wp\/v2\/types\/page"}],"author":[{"embeddable":true,"href":"https:\/\/ggvd.de\/index.php?rest_route=\/wp\/v2\/users\/1"}],"replies":[{"embeddable":true,"href":"https:\/\/ggvd.de\/index.php?rest_route=%2Fwp%2Fv2%2Fcomments&post=101"}],"version-history":[{"count":4,"href":"https:\/\/ggvd.de\/index.php?rest_route=\/wp\/v2\/pages\/101\/revisions"}],"predecessor-version":[{"id":306,"href":"https:\/\/ggvd.de\/index.php?rest_route=\/wp\/v2\/pages\/101\/revisions\/306"}],"wp:featuredmedia":[{"embeddable":true,"href":"https:\/\/ggvd.de\/index.php?rest_route=\/wp\/v2\/media\/261"}],"wp:attachment":[{"href":"https:\/\/ggvd.de\/index.php?rest_route=%2Fwp%2Fv2%2Fmedia&parent=101"}],"curies":[{"name":"wp","href":"https:\/\/api.w.org\/{rel}","templated":true}]}}